{"id":120,"date":"2013-12-20T08:00:05","date_gmt":"2013-12-20T07:00:05","guid":{"rendered":"http:\/\/autoprosper.pl\/?page_id=120"},"modified":"2013-12-20T08:00:05","modified_gmt":"2013-12-20T07:00:05","slug":"warsztat","status":"publish","type":"page","link":"https:\/\/autoprosper.pl\/?page_id=120","title":{"rendered":"WARSZTAT"},"content":{"rendered":"<p>Zajmujemy si\u0119 samochodami wi\u0119kszo\u015bci marek poruszaj\u0105cych si\u0119 po naszych drogach, jednak\u017ce najbli\u017csze nam s\u0105 auta z grupy VAG (Volkswagen-Audi Group) oraz Ford. Mamy dost\u0119p, do cz\u0119\u015bci zamiennych, jak i oryginalnych, nowych i w razie potrzeby u\u017cywanych. Ka\u017cdy samoch\u00f3d traktujemy indywidualnie, gdy\u017c takie post\u0119powanie sprzyja profesjonalnemu podej\u015bciu do wykonywanej przez nas pracy. Zaanga\u017cowanie i po\u015bwi\u0119cenie ka\u017cdemu z samochod\u00f3w odpowiedniej ilo\u015bci czasu sprawia, i\u017c nie zdarza nam si\u0119 odsy\u0142a\u0107 naszych klient\u00f3w do konkurencji.<\/p>\n","protected":false},"excerpt":{"rendered":"<p>Zajmujemy si\u0119 samochodami wi\u0119kszo\u015bci marek poruszaj\u0105cych si\u0119 po naszych drogach, jednak\u017ce najbli\u017csze nam s\u0105 auta z grupy VAG (Volkswagen-Audi Group) oraz Ford. Mamy dost\u0119p, do cz\u0119\u015bci zamiennych, jak i oryginalnych, nowych i w razie potrzeby u\u017cywanych. Ka\u017cdy samoch\u00f3d traktujemy indywidualnie, gdy\u017c takie post\u0119powanie sprzyja profesjonalnemu podej\u015bciu do wykonywanej przez nas pracy. Zaanga\u017cowanie i po\u015bwi\u0119cenie ka\u017cdemu z samochod\u00f3w odpowiedniej ilo\u015bci czasu sprawia, i\u017c nie zdarza nam si\u0119 odsy\u0142a\u0107 naszych klient\u00f3w do konkurencji.<\/p>\n","protected":false},"author":1,"featured_media":0,"parent":0,"menu_order":0,"comment_status":"open","ping_status":"open","template":"","meta":[],"_links":{"self":[{"href":"https:\/\/autoprosper.pl\/index.php?rest_route=\/wp\/v2\/pages\/120"}],"collection":[{"href":"https:\/\/autoprosper.pl\/index.php?rest_route=\/wp\/v2\/pages"}],"about":[{"href":"https:\/\/autoprosper.pl\/index.php?rest_route=\/wp\/v2\/types\/page"}],"author":[{"embeddable":true,"href":"https:\/\/autoprosper.pl\/index.php?rest_route=\/wp\/v2\/users\/1"}],"replies":[{"embeddable":true,"href":"https:\/\/autoprosper.pl\/index.php?rest_route=%2Fwp%2Fv2%2Fcomments&post=120"}],"version-history":[{"count":1,"href":"https:\/\/autoprosper.pl\/index.php?rest_route=\/wp\/v2\/pages\/120\/revisions"}],"predecessor-version":[{"id":121,"href":"https:\/\/autoprosper.pl\/index.php?rest_route=\/wp\/v2\/pages\/120\/revisions\/121"}],"wp:attachment":[{"href":"https:\/\/autoprosper.pl\/index.php?rest_route=%2Fwp%2Fv2%2Fmedia&parent=120"}],"curies":[{"name":"wp","href":"https:\/\/api.w.org\/{rel}","templated":true}]}}