{"id":6,"date":"2013-06-20T12:31:20","date_gmt":"2013-06-20T10:31:20","guid":{"rendered":"http:\/\/autoprosper.pl\/?page_id=6"},"modified":"2020-08-16T13:59:23","modified_gmt":"2020-08-16T11:59:23","slug":"oferta","status":"publish","type":"page","link":"https:\/\/autoprosper.pl\/?page_id=6","title":{"rendered":"NASZA OFERTA"},"content":{"rendered":"<p>Mechanika pojazdowa:<\/p>\n<p>1. Silniki i ich osprz\u0119t:<\/p>\n<ul>\n<li>&#8211; Rozrz\u0105dy, uszczelki, g\u0142owice, zawieszenie silnika, remonty silnik\u00f3w,<\/li>\n<li>&#8211; Uk\u0142ady ch\u0142odzenia, wspomagania uk\u0142ad\u00f3w kierowniczych,<\/li>\n<li>&#8211; Systemy wtryskowe (autoryzacja BOSCH)<\/li>\n<li>&#8211; Uk\u0142ady podci\u015bnieniowe, sterowania turbospr\u0119\u017carkami,<\/li>\n<li>&#8211; Diagnostyka komputerowa silnik\u00f3w i uk\u0142ad\u00f3w zasilania paliwem,<\/li>\n<\/ul>\n<p>2. Przeniesienie nap\u0119du:<\/p>\n<ul>\n<li>&#8211; Sprz\u0119g\u0142a, p\u00f3\u0142osie, \u0142o\u017cyska k\u00f3\u0142,<\/li>\n<\/ul>\n<p>3. Zawieszenia:<\/p>\n<ul>\n<li>&#8211; Amortyzatory, spr\u0119\u017cyny, wahacze, ko\u0144c\u00f3wki, \u0142\u0105czniki,<\/li>\n<li>&#8211; Zawieszenia pneumatyczne,<\/li>\n<\/ul>\n<p>4. Uk\u0142ady hamulcowe (autoryzacja BOSCH):<\/p>\n<ul>\n<li>&#8211; Tarcze, klocki, szcz\u0119ki hamulcowe, hamulce postojowe,<\/li>\n<li>&#8211; Przewody hamulcowe, naprawa pomp hamulcowych,<\/li>\n<li>&#8211; Badanie jako\u015bci p\u0142ynu hamulcowego testerem elektronicznym,<\/li>\n<\/ul>\n<p>5. Uk\u0142ady wydechowe:<\/p>\n<ul>\n<li>&#8211; Wymiana t\u0142umik\u00f3w, katalizator\u00f3w, sond lambda, wieszak\u00f3w zawieszenia,<\/li>\n<li>&#8211; Spawanie t\u0142umik\u00f3w,<\/li>\n<li>&#8211; Filtry DPF, FAP<\/li>\n<\/ul>\n<p>Elektromechanika pojazdowa:<\/p>\n<ol>\n<li>Naprawa rozrusznik\u00f3w, alternator\u00f3w,<\/li>\n<li>Badanie kondycji akumulator\u00f3w testerem elektronicznym,<\/li>\n<\/ol>\n<p>Elektryka, elektronika pojazdowa:<\/p>\n<p>1. Uk\u0142ady elektryczne, uk\u0142ady elektroniczne,<\/p>\n<ul>\n<li>&#8211; Autoalarmy, centralne zamki, o\u015bwietlenie, car-audio,<\/li>\n<li>&#8211; Wi\u0105zki elektryczne, sterowniki podzespo\u0142\u00f3w,<\/li>\n<li>&#8211; Monta\u017c \u015bwiate\u0142 do jazdy dziennej,<\/li>\n<\/ul>\n<p>Serwis ogumienia:<\/p>\n<ol>\n<li>Opony nowe,<\/li>\n<li>Wymiana ogumienia na felgach aluminiowych, stalowych,<\/li>\n<li>Naprawa ogumienia na poczekaniu,<\/li>\n<li>Komputerowe wywa\u017canie k\u00f3\u0142,<\/li>\n<\/ol>\n<p>Przegl\u0105d samochodu:<\/p>\n<ol>\n<li>Sprawdzenie 21 punkt\u00f3w kontrolnych Twojego samochodu wraz z diagnostyk\u0105 komputerow\u0105.<\/li>\n<li>Jeste\u015bmy autoryzowanym punktem wymiany olej\u00f3w marki CASTROL. Zar\u00f3wno olej, jak i filtry oferujemy w konkurencyjnych cenach.<img loading=\"lazy\" class=\"size-full wp-image-93 aligncenter\" alt=\"obrazek\" src=\"http:\/\/autoprosper.pl\/wp-content\/uploads\/2013\/06\/obrazek1.png\" width=\"272\" height=\"43\"><\/li>\n<\/ol>\n<p><img loading=\"lazy\" class=\"size-full wp-image-129 aligncenter\" alt=\"bosch systemy wtryskowe\" src=\"http:\/\/autoprosper.pl\/wp-content\/uploads\/2013\/06\/bosch-systemy-wtryskowe.jpeg\" width=\"240\" height=\"210\"><\/p>\n\n<div class=\"row_area\"><div class=\"col-md-4\">                \r\n                  <div class=\"ih-item square effect10 \">\r\n                      <div class=\"icon-img\"><img src=\"http:\/\/gracethemesdemo.com\/car-fix\/wp-content\/themes\/car-fix\/images\/whychoosus1.png\" \/><\/div>\r\n                      <div class=\"info\">\r\n                          <h3>Secured services<\/h3>\r\n                          <p>Lorem ipsum dolor sit amet, consectetur adipisicing elit, sed do eiusmod tempor incididunt ut labore et dold do eiusmod tempor incididunt ut labore et.<\/p>\r\n                      <\/div><\/div>                \r\n                <\/div><div class=\"col-md-4\">                \r\n                  <div class=\"ih-item square effect10 \">\r\n                      <div class=\"icon-img\"><img src=\"http:\/\/gracethemesdemo.com\/car-fix\/wp-content\/themes\/car-fix\/images\/whychoosus2.png\" \/><\/div>\r\n                      <div class=\"info\">\r\n                          <h3>Affordable prices<\/h3>\r\n                          <p>Lorem ipsum dolor sit amet, consectetur adipisicing elit, sed do eiusmod tempor incididunt ut labore et dold do eiusmod tempor incididunt ut labore et.<\/p>\r\n                      <\/div><\/div>                \r\n                <\/div><div class=\"col-md-4\">                \r\n                  <div class=\"ih-item square effect10 \">\r\n                      <div class=\"icon-img\"><img src=\"http:\/\/gracethemesdemo.com\/car-fix\/wp-content\/themes\/car-fix\/images\/whychoosus3.png\" \/><\/div>\r\n                      <div class=\"info\">\r\n                          <h3>Qualitative car parts<\/h3>\r\n                          <p>Lorem ipsum dolor sit amet, consectetur adipisicing elit, sed do eiusmod tempor incididunt ut labore et dold do eiusmod tempor incididunt ut labore et.<\/p>\r\n                      <\/div><\/div>                \r\n                <\/div><\/div>\n","protected":false},"excerpt":{"rendered":"<p>Mechanika pojazdowa: 1. Silniki i ich osprz\u0119t: &#8211; Rozrz\u0105dy, uszczelki, g\u0142owice, zawieszenie silnika, remonty silnik\u00f3w, &#8211; Uk\u0142ady ch\u0142odzenia, wspomagania uk\u0142ad\u00f3w kierowniczych, &#8211; Systemy wtryskowe (autoryzacja BOSCH) &#8211; Uk\u0142ady podci\u015bnieniowe, sterowania turbospr\u0119\u017carkami, &#8211; Diagnostyka komputerowa silnik\u00f3w i uk\u0142ad\u00f3w zasilania paliwem, 2. Przeniesienie nap\u0119du: &#8211; Sprz\u0119g\u0142a, p\u00f3\u0142osie, \u0142o\u017cyska k\u00f3\u0142, 3. Zawieszenia: &#8211; Amortyzatory, spr\u0119\u017cyny, wahacze, ko\u0144c\u00f3wki, \u0142\u0105czniki, &#8211; Zawieszenia pneumatyczne, 4. Uk\u0142ady hamulcowe (autoryzacja BOSCH): &#8211; Tarcze, klocki, szcz\u0119ki hamulcowe, hamulce postojowe, &#8211; Przewody hamulcowe, naprawa pomp hamulcowych, &#8211; Badanie jako\u015bci p\u0142ynu hamulcowego testerem elektronicznym, 5. Uk\u0142ady wydechowe: &#8211; Wymiana t\u0142umik\u00f3w, katalizator\u00f3w, sond lambda, wieszak\u00f3w zawieszenia, &#8211; Spawanie t\u0142umik\u00f3w, &#8211; Filtry DPF,&#8230; <\/p>\n","protected":false},"author":1,"featured_media":0,"parent":0,"menu_order":0,"comment_status":"open","ping_status":"closed","template":"","meta":[],"_links":{"self":[{"href":"https:\/\/autoprosper.pl\/index.php?rest_route=\/wp\/v2\/pages\/6"}],"collection":[{"href":"https:\/\/autoprosper.pl\/index.php?rest_route=\/wp\/v2\/pages"}],"about":[{"href":"https:\/\/autoprosper.pl\/index.php?rest_route=\/wp\/v2\/types\/page"}],"author":[{"embeddable":true,"href":"https:\/\/autoprosper.pl\/index.php?rest_route=\/wp\/v2\/users\/1"}],"replies":[{"embeddable":true,"href":"https:\/\/autoprosper.pl\/index.php?rest_route=%2Fwp%2Fv2%2Fcomments&post=6"}],"version-history":[{"count":18,"href":"https:\/\/autoprosper.pl\/index.php?rest_route=\/wp\/v2\/pages\/6\/revisions"}],"predecessor-version":[{"id":1507,"href":"https:\/\/autoprosper.pl\/index.php?rest_route=\/wp\/v2\/pages\/6\/revisions\/1507"}],"wp:attachment":[{"href":"https:\/\/autoprosper.pl\/index.php?rest_route=%2Fwp%2Fv2%2Fmedia&parent=6"}],"curies":[{"name":"wp","href":"https:\/\/api.w.org\/{rel}","templated":true}]}}