{"id":63,"date":"2013-12-19T14:46:32","date_gmt":"2013-12-19T13:46:32","guid":{"rendered":"http:\/\/autoprosper.pl\/?page_id=63"},"modified":"2020-03-11T17:52:21","modified_gmt":"2020-03-11T16:52:21","slug":"witamy","status":"publish","type":"page","link":"https:\/\/autoprosper.pl\/?page_id=63","title":{"rendered":"Witamy"},"content":{"rendered":"<p>Witamy,<\/p>\n<p>OD 4 MAJA 2020 NOWA LOKALIZACJA UL. FORTECZNA 13<br \/>\n<b>AUTOPROSPER<\/b> to serwis samochod\u00f3w osobowych oraz dostawczych do 3,5 t. Zajmujemy si\u0119 naprawami mechanicznymi, elektromechanicznymi, z zakresu elektroniki samochodowej, obs\u0142ugi i naprawy klimatyzacji oraz serwisem opon.<\/p>\n<p>Oferujemy us\u0142ugi w niewyg\u00f3rowanych cenach przy u\u017cyciu cz\u0119\u015bci z g\u00f3rnej p\u00f3\u0142ki. Staramy si\u0119, aby nasi klienci byli profesjonalnie traktowani, a ich samochody naprawiane z odpowiednim zaanga\u017cowaniem.<br \/>\nDysponujemy odpowiednim sprz\u0119tem do obs\u0142ugi pojazd\u00f3w zar\u00f3wno w zakresie mechaniki, elektroniki, diagnostyki komputerowej, klimatyzacji oraz serwisu opon.<\/p>\n<p>B\u0119d\u0105c w grupie warsztat\u00f3w <b><font color=\"red\">BOSCH AUTOMOTIVE<\/font><\/b> posiadamy autoryzacj\u0119 marki BOSCH na napraw\u0119 uk\u0142ad\u00f3w hamulcowych i system\u00f3w wtryskowych. Autoryzacja marki <b><font color=\"red\">CASTROL<\/font><\/b> pozwala nam na dost\u0119p do odpowiedniej dokumentacji i specyfikacji \u015brodk\u00f3w smarnych tak, aby ka\u017cdorazowo dobiera\u0107 odpowiedni olej dla poszczeg\u00f3lnych podzespo\u0142\u00f3w.<\/p>\n","protected":false},"excerpt":{"rendered":"<p>Witamy, OD 4 MAJA 2020 NOWA LOKALIZACJA UL. FORTECZNA 13 AUTOPROSPER to serwis samochod\u00f3w osobowych oraz dostawczych do 3,5 t. Zajmujemy si\u0119 naprawami mechanicznymi, elektromechanicznymi, z zakresu elektroniki samochodowej, obs\u0142ugi i naprawy klimatyzacji oraz serwisem opon. Oferujemy us\u0142ugi w niewyg\u00f3rowanych cenach przy u\u017cyciu cz\u0119\u015bci z g\u00f3rnej p\u00f3\u0142ki. Staramy si\u0119, aby nasi klienci byli profesjonalnie traktowani, a ich samochody naprawiane z odpowiednim zaanga\u017cowaniem. Dysponujemy odpowiednim sprz\u0119tem do obs\u0142ugi pojazd\u00f3w zar\u00f3wno w zakresie mechaniki, elektroniki, diagnostyki komputerowej, klimatyzacji oraz serwisu opon. B\u0119d\u0105c w grupie warsztat\u00f3w BOSCH AUTOMOTIVE posiadamy autoryzacj\u0119 marki BOSCH na napraw\u0119 uk\u0142ad\u00f3w hamulcowych i system\u00f3w wtryskowych. Autoryzacja marki CASTROL pozwala&#8230; <\/p>\n","protected":false},"author":1,"featured_media":0,"parent":0,"menu_order":0,"comment_status":"open","ping_status":"closed","template":"","meta":[],"_links":{"self":[{"href":"https:\/\/autoprosper.pl\/index.php?rest_route=\/wp\/v2\/pages\/63"}],"collection":[{"href":"https:\/\/autoprosper.pl\/index.php?rest_route=\/wp\/v2\/pages"}],"about":[{"href":"https:\/\/autoprosper.pl\/index.php?rest_route=\/wp\/v2\/types\/page"}],"author":[{"embeddable":true,"href":"https:\/\/autoprosper.pl\/index.php?rest_route=\/wp\/v2\/users\/1"}],"replies":[{"embeddable":true,"href":"https:\/\/autoprosper.pl\/index.php?rest_route=%2Fwp%2Fv2%2Fcomments&post=63"}],"version-history":[{"count":7,"href":"https:\/\/autoprosper.pl\/index.php?rest_route=\/wp\/v2\/pages\/63\/revisions"}],"predecessor-version":[{"id":66,"href":"https:\/\/autoprosper.pl\/index.php?rest_route=\/wp\/v2\/pages\/63\/revisions\/66"}],"wp:attachment":[{"href":"https:\/\/autoprosper.pl\/index.php?rest_route=%2Fwp%2Fv2%2Fmedia&parent=63"}],"curies":[{"name":"wp","href":"https:\/\/api.w.org\/{rel}","templated":true}]}}