{"id":9,"date":"2013-06-20T12:31:59","date_gmt":"2013-06-20T10:31:59","guid":{"rendered":"http:\/\/autoprosper.pl\/?page_id=9"},"modified":"2020-03-11T18:47:45","modified_gmt":"2020-03-11T17:47:45","slug":"kontakt","status":"publish","type":"page","link":"https:\/\/autoprosper.pl\/?page_id=9","title":{"rendered":"KONTAKT"},"content":{"rendered":"<h1 style=\"text-align: center; color: red;\">AUTOPROSPER<\/p>\n<p>MI\u0141O NAM POINFORMOWA\u0106, I\u017b OD 4.05.2020<\/p>\n<p>NOW\u0104 LOKALIZACJ\u0104 WARSZTATU B\u0118DZIE<\/p>\n<p>ul. FORTECZNA 13<\/p>\n<p>87-100 TORU\u0143<\/p>\n<p>(900 m. w linii prostej od obecnej lokalizacji o\u015b. JAR)<\/p>\n<p>do 25.04.2020 pracujemy na dotychczasowym adresie:<\/h1>\n<p>&nbsp;<\/p>\n<h2 style=\"text-align: center;\">ul. Grudzi\u0105dzka 159A<br \/>\n87 \u2013 100 Toru\u0144<\/h2>\n<p style=\"text-align: left; padding-left: 150px;\"><strong>Telefony<\/strong>:<br \/>\n<strong>Stacjonarny<\/strong>: 56-623 37 91<br \/>\n<strong>Kom\u00f3rka<\/strong>: 502\u00a0050\u00a0534<br \/>\n<strong>e-mail<\/strong>: info@autoprosper.pl<\/p>\n<p style=\"text-align: left; padding-left: 150px;\"><strong>Godziny otwarcia<\/strong>:<br \/>\nPon.\u2013Pt. \u00a0 8 \u2013 18<br \/>\nSobota \u00a0 \u00a0 8 \u2013 13<\/p>\n<p style=\"text-align: left; padding-left: 60px;\"><strong>Je\u015bli po wyznaczonych godzinach odbieramy kt\u00f3rykolwiek z telefon\u00f3w, to znaczy \u017ce jeszcze pracujemy.<\/strong><\/p>\n<p style=\"text-align: left;\"><img loading=\"lazy\" class=\"size-full wp-image-111 alignnone\" alt=\"mapka\" src=\"http:\/\/autoprosper.pl\/wp-content\/uploads\/2013\/06\/mapka.png\" width=\"831\" height=\"473\" srcset=\"https:\/\/autoprosper.pl\/wp-content\/uploads\/2013\/06\/mapka.png 831w, https:\/\/autoprosper.pl\/wp-content\/uploads\/2013\/06\/mapka-300x170.png 300w\" sizes=\"(max-width: 831px) 100vw, 831px\" \/><\/p>\n","protected":false},"excerpt":{"rendered":"<p>AUTOPROSPER MI\u0141O NAM POINFORMOWA\u0106, I\u017b OD 4.05.2020 NOW\u0104 LOKALIZACJ\u0104 WARSZTATU B\u0118DZIE ul. FORTECZNA 13 87-100 TORU\u0143 (900 m. w linii prostej od obecnej lokalizacji o\u015b. JAR) do 25.04.2020 pracujemy na dotychczasowym adresie: &nbsp; ul. Grudzi\u0105dzka 159A 87 \u2013 100 Toru\u0144 Telefony: Stacjonarny: 56-623 37 91 Kom\u00f3rka: 502\u00a0050\u00a0534 e-mail: info@autoprosper.pl Godziny otwarcia: Pon.\u2013Pt. \u00a0 8 \u2013 18 Sobota \u00a0 \u00a0 8 \u2013 13 Je\u015bli po wyznaczonych godzinach odbieramy kt\u00f3rykolwiek z telefon\u00f3w, to znaczy \u017ce jeszcze pracujemy.<\/p>\n","protected":false},"author":1,"featured_media":0,"parent":0,"menu_order":0,"comment_status":"open","ping_status":"open","template":"","meta":[],"_links":{"self":[{"href":"https:\/\/autoprosper.pl\/index.php?rest_route=\/wp\/v2\/pages\/9"}],"collection":[{"href":"https:\/\/autoprosper.pl\/index.php?rest_route=\/wp\/v2\/pages"}],"about":[{"href":"https:\/\/autoprosper.pl\/index.php?rest_route=\/wp\/v2\/types\/page"}],"author":[{"embeddable":true,"href":"https:\/\/autoprosper.pl\/index.php?rest_route=\/wp\/v2\/users\/1"}],"replies":[{"embeddable":true,"href":"https:\/\/autoprosper.pl\/index.php?rest_route=%2Fwp%2Fv2%2Fcomments&post=9"}],"version-history":[{"count":19,"href":"https:\/\/autoprosper.pl\/index.php?rest_route=\/wp\/v2\/pages\/9\/revisions"}],"predecessor-version":[{"id":95,"href":"https:\/\/autoprosper.pl\/index.php?rest_route=\/wp\/v2\/pages\/9\/revisions\/95"}],"wp:attachment":[{"href":"https:\/\/autoprosper.pl\/index.php?rest_route=%2Fwp%2Fv2%2Fmedia&parent=9"}],"curies":[{"name":"wp","href":"https:\/\/api.w.org\/{rel}","templated":true}]}}